{"id":2682,"date":"2021-12-30T11:17:03","date_gmt":"2021-12-30T11:17:03","guid":{"rendered":"https:\/\/dasperformance.lt\/?post_type=product&#038;p=2682"},"modified":"2026-03-24T20:27:20","modified_gmt":"2026-03-24T20:27:20","slug":"omp-targa-330-vairas-od-2005","status":"publish","type":"product","link":"https:\/\/dasperformance.lt\/en\/katalogas\/vidaus-iranga\/omp-targa-330-vairas-od-2005\/","title":{"rendered":"OMP TARGA 330 Steering wheel OD0-2005"},"content":{"rendered":"<p><strong>U\u017dSISAKYKITE PREK\u0118\u00a0<a href=\"https:\/\/www.shopandrace.com\/\" target=\"_blank\" rel=\"noopener\">https:\/\/www.shopandrace.com\/<\/a><\/strong><\/p>\n<p>&nbsp;<\/p>\n<p>Flat steering wheel with anodized aluminium spokes. Supplied with horn button.<\/p>\n<p>Diameter: 330mm<\/p>\n<p>Depth: Flat<\/p>\n<p>Grip Section: Oval 37 x 24mm<\/p>\n<p>Color: Black<\/p>\n<p>Material: Suede<\/p>","protected":false},"excerpt":{"rendered":"<p>U\u017dSISAKYKITE PREK\u0118\u00a0https:\/\/www.shopandrace.com\/ &nbsp; Trij\u0173 stipin\u0173, plok\u0161\u010dias vairas. Ovalaus tipo, juodos zom\u0161os vairas, kartu su signalo mygtuku. Diametras: 330mm I\u0161gaubimas: Plok\u0161\u010dias Vairo storis: Ovalus 37mm x 24mm Spalva: Juoda Vairo materialas: Zom\u0161a<\/p>","protected":false},"featured_media":2683,"template":"","meta":[],"product_cat":[101,105],"product_tag":[],"_links":{"self":[{"href":"https:\/\/dasperformance.lt\/en\/wp-json\/wp\/v2\/product\/2682"}],"collection":[{"href":"https:\/\/dasperformance.lt\/en\/wp-json\/wp\/v2\/product"}],"about":[{"href":"https:\/\/dasperformance.lt\/en\/wp-json\/wp\/v2\/types\/product"}],"wp:featuredmedia":[{"embeddable":true,"href":"https:\/\/dasperformance.lt\/en\/wp-json\/wp\/v2\/media\/2683"}],"wp:attachment":[{"href":"https:\/\/dasperformance.lt\/en\/wp-json\/wp\/v2\/media?parent=2682"}],"wp:term":[{"taxonomy":"product_cat","embeddable":true,"href":"https:\/\/dasperformance.lt\/en\/wp-json\/wp\/v2\/product_cat?post=2682"},{"taxonomy":"product_tag","embeddable":true,"href":"https:\/\/dasperformance.lt\/en\/wp-json\/wp\/v2\/product_tag?post=2682"}],"curies":[{"name":"wp","href":"https:\/\/api.w.org\/{rel}","templated":true}]}}