{"id":2677,"date":"2021-12-30T10:10:12","date_gmt":"2021-12-30T10:10:12","guid":{"rendered":"https:\/\/dasperformance.lt\/?post_type=product&#038;p=2677"},"modified":"2026-03-24T20:28:03","modified_gmt":"2026-03-24T20:28:03","slug":"omp-rs-vairas-od-2055","status":"publish","type":"product","link":"https:\/\/dasperformance.lt\/en\/katalogas\/vidaus-iranga\/omp-rs-vairas-od-2055\/","title":{"rendered":"OMP RS Steering Wheel OD0-2055"},"content":{"rendered":"<p><strong>U\u017dSISAKYKITE PREK\u0118\u00a0<a href=\"https:\/\/www.shopandrace.com\/\" target=\"_blank\" rel=\"noopener\">https:\/\/www.shopandrace.com\/<\/a><\/strong><\/p>\n<p>Entry level mid-depth dished steering wheel with three aluminium spokes. Round handgrip in black suede leather, yellow viewfinder. Horn button included.<\/p>\n<p>Diameter: 350mm<\/p>\n<p>Depth: 72mm<\/p>\n<p>Grip Section: Round 30 mm<\/p>\n<p>Color: Black<\/p>\n<p>Material: Suede<\/p>","protected":false},"excerpt":{"rendered":"<p>U\u017dSISAKYKITE PREK\u0118\u00a0https:\/\/www.shopandrace.com\/ Trij\u0173 stipin\u0173, 72mm i\u0161gaubimo vairas. Apvalus juodos zom\u0161os vairas, kartu su signalo mygtuku. Diametras: 350mm I\u0161gaubimas: 72mm Vairo storis: 30mm Spalva: Juoda Vairo materialas: Zom\u0161a<\/p>","protected":false},"featured_media":2678,"template":"","meta":[],"product_cat":[101,115,105],"product_tag":[],"_links":{"self":[{"href":"https:\/\/dasperformance.lt\/en\/wp-json\/wp\/v2\/product\/2677"}],"collection":[{"href":"https:\/\/dasperformance.lt\/en\/wp-json\/wp\/v2\/product"}],"about":[{"href":"https:\/\/dasperformance.lt\/en\/wp-json\/wp\/v2\/types\/product"}],"wp:featuredmedia":[{"embeddable":true,"href":"https:\/\/dasperformance.lt\/en\/wp-json\/wp\/v2\/media\/2678"}],"wp:attachment":[{"href":"https:\/\/dasperformance.lt\/en\/wp-json\/wp\/v2\/media?parent=2677"}],"wp:term":[{"taxonomy":"product_cat","embeddable":true,"href":"https:\/\/dasperformance.lt\/en\/wp-json\/wp\/v2\/product_cat?post=2677"},{"taxonomy":"product_tag","embeddable":true,"href":"https:\/\/dasperformance.lt\/en\/wp-json\/wp\/v2\/product_tag?post=2677"}],"curies":[{"name":"wp","href":"https:\/\/api.w.org\/{rel}","templated":true}]}}