{"id":2666,"date":"2021-12-28T08:20:40","date_gmt":"2021-12-28T08:20:40","guid":{"rendered":"https:\/\/dasperformance.lt\/?post_type=product&#038;p=2666"},"modified":"2026-03-24T20:28:59","modified_gmt":"2026-03-24T20:28:59","slug":"goodridge-441-03-tiesi-jungtis-an3-3-8-x-24","status":"publish","type":"product","link":"https:\/\/dasperformance.lt\/en\/katalogas\/stabdziu-sistema\/goodridge-441-03-tiesi-jungtis-an3-3-8-x-24\/","title":{"rendered":"Goodridge 441-03 straight fitting convex 3\/8 x 24  AN3"},"content":{"rendered":"<p><strong>U\u017dSISAKYKITE PREK\u0118\u00a0<a href=\"https:\/\/www.shopandrace.com\/\" target=\"_blank\" rel=\"noopener\">https:\/\/www.shopandrace.com\/<\/a><\/strong><\/p>\n<p>Fitting fits to AN3 brake hose<\/p>\n<p>Thread 3\/8 x 24<\/p>","protected":false},"excerpt":{"rendered":"<p>U\u017dSISAKYKITE PREK\u0118\u00a0https:\/\/www.shopandrace.com\/ Jungtis skirta AN3 stabd\u017ei\u0173 sistemos \u017earnai Sriegis\u00a0 3\/8 x 24<\/p>","protected":false},"featured_media":2672,"template":"","meta":[],"product_cat":[117,120],"product_tag":[],"_links":{"self":[{"href":"https:\/\/dasperformance.lt\/en\/wp-json\/wp\/v2\/product\/2666"}],"collection":[{"href":"https:\/\/dasperformance.lt\/en\/wp-json\/wp\/v2\/product"}],"about":[{"href":"https:\/\/dasperformance.lt\/en\/wp-json\/wp\/v2\/types\/product"}],"wp:featuredmedia":[{"embeddable":true,"href":"https:\/\/dasperformance.lt\/en\/wp-json\/wp\/v2\/media\/2672"}],"wp:attachment":[{"href":"https:\/\/dasperformance.lt\/en\/wp-json\/wp\/v2\/media?parent=2666"}],"wp:term":[{"taxonomy":"product_cat","embeddable":true,"href":"https:\/\/dasperformance.lt\/en\/wp-json\/wp\/v2\/product_cat?post=2666"},{"taxonomy":"product_tag","embeddable":true,"href":"https:\/\/dasperformance.lt\/en\/wp-json\/wp\/v2\/product_tag?post=2666"}],"curies":[{"name":"wp","href":"https:\/\/api.w.org\/{rel}","templated":true}]}}