{"id":319,"date":"2020-05-22T09:30:20","date_gmt":"2020-05-22T09:30:20","guid":{"rendered":"https:\/\/prodemo.woostify.com\/autocar\/?page_id=319"},"modified":"2021-11-29T20:31:00","modified_gmt":"2021-11-29T20:31:00","slug":"noru-sarasas","status":"publish","type":"page","link":"https:\/\/dasperformance.lt\/en\/noru-sarasas\/","title":{"rendered":"Nor\u0173 s\u0105ra\u0161as"},"content":{"rendered":"<p>[ti_wishlistsview]<\/p>","protected":false},"excerpt":{"rendered":"<p>[ti_wishlistsview]<\/p>","protected":false},"author":2,"featured_media":0,"parent":0,"menu_order":0,"comment_status":"closed","ping_status":"closed","template":"","meta":{"footnotes":""},"post-meta":{"site-container":["default"],"site-header-transparent":["default"],"site-page-header":["default"],"site-sidebar":["default"],"_wxr_import_user_slug":["woostify","admin"],"_edit_last":["1"],"_wp_page_template":["default"],"_edit_lock":["1638217860:1"],"rank_math_analytic_object_id":["62"],"rank_math_internal_links_processed":["1"],"_cmplz_scanned_post":["1"]},"_links":{"self":[{"href":"https:\/\/dasperformance.lt\/en\/wp-json\/wp\/v2\/pages\/319"}],"collection":[{"href":"https:\/\/dasperformance.lt\/en\/wp-json\/wp\/v2\/pages"}],"about":[{"href":"https:\/\/dasperformance.lt\/en\/wp-json\/wp\/v2\/types\/page"}],"author":[{"embeddable":true,"href":"https:\/\/dasperformance.lt\/en\/wp-json\/wp\/v2\/users\/2"}],"replies":[{"embeddable":true,"href":"https:\/\/dasperformance.lt\/en\/wp-json\/wp\/v2\/comments?post=319"}],"version-history":[{"count":0,"href":"https:\/\/dasperformance.lt\/en\/wp-json\/wp\/v2\/pages\/319\/revisions"}],"wp:attachment":[{"href":"https:\/\/dasperformance.lt\/en\/wp-json\/wp\/v2\/media?parent=319"}],"curies":[{"name":"wp","href":"https:\/\/api.w.org\/{rel}","templated":true}]}}